{"id":26754,"date":"2024-11-18T08:00:16","date_gmt":"2024-11-18T07:00:16","guid":{"rendered":"https:\/\/eventeam.fr\/?post_type=product&#038;p=26754"},"modified":"2025-10-30T18:06:48","modified_gmt":"2025-10-30T17:06:48","slug":"six-nations-tournament-2026","status":"publish","type":"product","link":"https:\/\/new.eventeam.fr\/en\/product\/six-nations-tournament-2026\/","title":{"rendered":"SIX NATIONS TOURNAMENT 2026"},"content":{"rendered":"\t\t<div data-elementor-type=\"product-post\" data-elementor-id=\"26754\" class=\"elementor elementor-26754 elementor-26731\" data-elementor-post-type=\"product\">\n\t\t\t\t<div class=\"elementor-element elementor-element-5d5f074 headerprod e-con-full e-flex e-con e-parent\" data-id=\"5d5f074\" data-element_type=\"container\" data-e-type=\"container\" data-settings=\"{&quot;background_background&quot;:&quot;classic&quot;}\">\n\t\t<div class=\"elementor-element elementor-element-f16f34e e-flex e-con-boxed e-con e-child\" data-id=\"f16f34e\" data-element_type=\"container\" data-e-type=\"container\" data-settings=\"{&quot;background_background&quot;:&quot;classic&quot;}\">\n\t\t\t\t\t<div class=\"e-con-inner\">\n\t\t\t\t<div class=\"elementor-element elementor-element-2fff2b2 elementor-widget elementor-widget-text-editor\" data-id=\"2fff2b2\" data-element_type=\"widget\" data-e-type=\"widget\" data-widget_type=\"text-editor.default\">\n\t\t\t\t<div class=\"elementor-widget-container\">\n\t\t\t\t\t\t\t\t\t<p><a style=\"display: flex; color: white;\"><img decoding=\"async\" src=\"\/wp-content\/uploads\/2024\/03\/arrow-left.svg\" width=\"12px\" align=\"left\"> &nbsp;Back<\/a><\/p>\t\t\t\t\t\t\t\t<\/div>\n\t\t\t\t<\/div>\n\t\t\t\t<div class=\"elementor-element elementor-element-267f1a7 elementor-widget elementor-widget-spacer\" data-id=\"267f1a7\" data-element_type=\"widget\" data-e-type=\"widget\" data-widget_type=\"spacer.default\">\n\t\t\t\t<div class=\"elementor-widget-container\">\n\t\t\t\t\t\t\t<div class=\"elementor-spacer\">\n\t\t\t<div class=\"elementor-spacer-inner\"><\/div>\n\t\t<\/div>\n\t\t\t\t\t\t<\/div>\n\t\t\t\t<\/div>\n\t\t\t\t<div class=\"elementor-element elementor-element-8e8ed94 elementor-widget elementor-widget-text-editor\" data-id=\"8e8ed94\" data-element_type=\"widget\" data-e-type=\"widget\" data-widget_type=\"text-editor.default\">\n\t\t\t\t<div class=\"elementor-widget-container\">\n\t\t\t\t\t\t\t\t\t<p>RUGBY<\/p>\t\t\t\t\t\t\t\t<\/div>\n\t\t\t\t<\/div>\n\t\t\t\t<div class=\"elementor-element elementor-element-4d6ce94 elementor-widget elementor-widget-heading\" data-id=\"4d6ce94\" data-element_type=\"widget\" data-e-type=\"widget\" data-widget_type=\"heading.default\">\n\t\t\t\t<div class=\"elementor-widget-container\">\n\t\t\t\t\t<h1 class=\"elementor-heading-title elementor-size-default\">2026 SIX NATIONS TOURNAMENT<\/h1>\t\t\t\t<\/div>\n\t\t\t\t<\/div>\n\t\t\t\t<div class=\"elementor-element elementor-element-9d23b2f elementor-widget elementor-widget-text-editor\" data-id=\"9d23b2f\" data-element_type=\"widget\" data-e-type=\"widget\" id=\"datelieu\" data-widget_type=\"text-editor.default\">\n\t\t\t\t<div class=\"elementor-widget-container\">\n\t\t\t\t\t\t\t\t\t<p><img decoding=\"async\" src=\"\/wp-content\/uploads\/2024\/03\/calendar.svg\" align=\"left\" \/> FROM 5 FEBRUARY 2025<span style=\"color: var( --e-global-color-9f2f5f4 );\"> &#8211; <\/span>EVENTEAM, AGENCY APPROVED BY THE FRENCH RUGBY FEDERATION<\/p>\t\t\t\t\t\t\t\t<\/div>\n\t\t\t\t<\/div>\n\t\t\t\t<div class=\"elementor-element elementor-element-a8a6986 elementor-hidden-mobile elementor-widget elementor-widget-spacer\" data-id=\"a8a6986\" data-element_type=\"widget\" data-e-type=\"widget\" data-widget_type=\"spacer.default\">\n\t\t\t\t<div class=\"elementor-widget-container\">\n\t\t\t\t\t\t\t<div class=\"elementor-spacer\">\n\t\t\t<div class=\"elementor-spacer-inner\"><\/div>\n\t\t<\/div>\n\t\t\t\t\t\t<\/div>\n\t\t\t\t<\/div>\n\t\t\t\t\t<\/div>\n\t\t\t\t<\/div>\n\t\t\t\t<\/div>\n\t\t<div class=\"elementor-element elementor-element-a89e141 e-con-full headerprod e-flex e-con e-parent\" data-id=\"a89e141\" data-element_type=\"container\" data-e-type=\"container\" data-settings=\"{&quot;background_background&quot;:&quot;classic&quot;}\">\n\t\t\t\t<div class=\"elementor-element elementor-element-8810e64 elementor-align-center elementor-widget elementor-widget-button\" data-id=\"8810e64\" data-element_type=\"widget\" data-e-type=\"widget\" data-widget_type=\"button.default\">\n\t\t\t\t<div class=\"elementor-widget-container\">\n\t\t\t\t\t\t\t\t\t<div class=\"elementor-button-wrapper\">\n\t\t\t\t\t<a class=\"elementor-button elementor-size-xl\" role=\"button\">\n\t\t\t\t\t\t<span class=\"elementor-button-content-wrapper\">\n\t\t\t\t\t\t\t\t\t<span class=\"elementor-button-text\">OUR HOSPITALITIES<\/span>\n\t\t\t\t\t<\/span>\n\t\t\t\t\t<\/a>\n\t\t\t\t<\/div>\n\t\t\t\t\t\t\t\t<\/div>\n\t\t\t\t<\/div>\n\t\t\t\t<div class=\"elementor-element elementor-element-65245cd elementor-widget elementor-widget-text-editor\" data-id=\"65245cd\" data-element_type=\"widget\" data-e-type=\"widget\" data-widget_type=\"text-editor.default\">\n\t\t\t\t<div class=\"elementor-widget-container\">\n\t\t\t\t\t\t\t\t\t<p>Les Bleus hit hard at the 2025 Six Nations Tournament! With unrivalled offensive power, they scored 30 tries, an absolute record. <\/p><p>ed by an on-fire Thomas Ramos, now the top scorer in the history of the French national team with 450 points, and Louis Bielle-Biarrey, who scored in every match, the French dominated their opponents.<\/p><p>Despite a narrow defeat against England (26-25), they showed their strength by beating Ireland in Dublin and scoring more than 40 points. The message is clear: the one-point defeat against England at Twickenham was just an accident. The bonus point victory against Scotland 35-16 in the last match, in a tense match and an incredible atmosphere, allowed Les Bleus to win the 2025 Tournament. <\/p><p>Under the Fabien Galthi\u00e9 era, the French national rugby team continues to shine and thrill its supporters!<\/p><p> <\/p><p><strong>Experience the 2026 edition of the Six Nations Tournament in the best conditions, share intense emotions and unforgettable memories with Eventeam!<\/strong><\/p><p> <\/p>\t\t\t\t\t\t\t\t<\/div>\n\t\t\t\t<\/div>\n\t\t\t\t<\/div>\n\t\t<div class=\"elementor-element elementor-element-ee14ea1 e-flex e-con-boxed e-con e-parent\" data-id=\"ee14ea1\" data-element_type=\"container\" data-e-type=\"container\">\n\t\t\t\t\t<div class=\"e-con-inner\">\n\t\t\t\t<div class=\"woocommerce elementor-element elementor-element-3a54b7d elementor-grid-3 elementor-grid-tablet-2 elementor-grid-mobile-1 elementor-widget elementor-widget-loop-grid\" data-id=\"3a54b7d\" data-element_type=\"widget\" data-e-type=\"widget\" data-settings=\"{&quot;_skin&quot;:&quot;product&quot;,&quot;template_id&quot;:25057,&quot;columns&quot;:3,&quot;columns_tablet&quot;:&quot;2&quot;,&quot;columns_mobile&quot;:&quot;1&quot;,&quot;edit_handle_selector&quot;:&quot;[data-elementor-type=\\&quot;loop-item\\&quot;]&quot;,&quot;row_gap&quot;:{&quot;unit&quot;:&quot;px&quot;,&quot;size&quot;:&quot;&quot;,&quot;sizes&quot;:[]},&quot;row_gap_widescreen&quot;:{&quot;unit&quot;:&quot;px&quot;,&quot;size&quot;:&quot;&quot;,&quot;sizes&quot;:[]},&quot;row_gap_laptop&quot;:{&quot;unit&quot;:&quot;px&quot;,&quot;size&quot;:&quot;&quot;,&quot;sizes&quot;:[]},&quot;row_gap_tablet_extra&quot;:{&quot;unit&quot;:&quot;px&quot;,&quot;size&quot;:&quot;&quot;,&quot;sizes&quot;:[]},&quot;row_gap_tablet&quot;:{&quot;unit&quot;:&quot;px&quot;,&quot;size&quot;:&quot;&quot;,&quot;sizes&quot;:[]},&quot;row_gap_mobile&quot;:{&quot;unit&quot;:&quot;px&quot;,&quot;size&quot;:&quot;&quot;,&quot;sizes&quot;:[]}}\" data-widget_type=\"loop-grid.product\">\n\t\t\t\t<div class=\"elementor-widget-container\">\n\t\t\t\t\t\t\t<div class=\"e-loop-nothing-found-message\">\n\t\t<\/div>\n\t\t\t\t\t\t<\/div>\n\t\t\t\t<\/div>\n\t\t\t\t\t<\/div>\n\t\t\t\t<\/div>\n\t\t<div class=\"elementor-element elementor-element-1ad451c e-flex e-con-boxed e-con e-parent\" data-id=\"1ad451c\" data-element_type=\"container\" data-e-type=\"container\">\n\t\t\t\t\t<div class=\"e-con-inner\">\n\t\t\t\t<div class=\"elementor-element elementor-element-840a844 elementor-widget elementor-widget-spacer\" data-id=\"840a844\" data-element_type=\"widget\" data-e-type=\"widget\" data-widget_type=\"spacer.default\">\n\t\t\t\t<div class=\"elementor-widget-container\">\n\t\t\t\t\t\t\t<div class=\"elementor-spacer\">\n\t\t\t<div class=\"elementor-spacer-inner\"><\/div>\n\t\t<\/div>\n\t\t\t\t\t\t<\/div>\n\t\t\t\t<\/div>\n\t\t\t\t\t<\/div>\n\t\t\t\t<\/div>\n\t\t\t\t<\/div>\n\t\t","protected":false},"excerpt":{"rendered":"<p>Experience the 2026 edition from the inside, share intense emotions and create unforgettable memories with Eventeam Live!<\/p>\n","protected":false},"featured_media":26735,"template":"","meta":{"_acf_changed":false},"product_brand":[],"product_cat":[565,317],"product_tag":[],"class_list":{"0":"post-26754","1":"product","2":"type-product","3":"status-publish","4":"has-post-thumbnail","6":"product_cat-configurateur-en","7":"product_cat-sport-en","8":"pa_competition-six-nations-championship","9":"pa_sport-rugby-en","11":"first","12":"instock","13":"virtual","14":"taxable","15":"product-type-simple"},"acf":[],"yoast_head":"<!-- This site is optimized with the Yoast SEO plugin v27.5 - https:\/\/yoast.com\/product\/yoast-seo-wordpress\/ -->\n<title>SIX NATIONS TOURNAMENT 2026 - Eventeam Live<\/title>\n<meta name=\"description\" content=\"Experience the 2026 edition from the inside, share intense emotions and create unforgettable memories with Eventeam Live!\" \/>\n<meta name=\"robots\" content=\"index, follow, max-snippet:-1, max-image-preview:large, max-video-preview:-1\" \/>\n<link rel=\"canonical\" href=\"https:\/\/new.eventeam.fr\/en\/product\/six-nations-tournament-2026\/\" \/>\n<meta property=\"og:locale\" content=\"en_US\" \/>\n<meta property=\"og:type\" content=\"article\" \/>\n<meta property=\"og:title\" content=\"SIX NATIONS TOURNAMENT 2026 - Eventeam Live\" \/>\n<meta property=\"og:description\" content=\"Experience the 2026 edition from the inside, share intense emotions and create unforgettable memories with Eventeam Live!\" \/>\n<meta property=\"og:url\" content=\"https:\/\/new.eventeam.fr\/en\/product\/six-nations-tournament-2026\/\" \/>\n<meta property=\"og:site_name\" content=\"Eventeam Live\" \/>\n<meta property=\"article:publisher\" content=\"https:\/\/www.facebook.com\/EventeamGroup\/\" \/>\n<meta property=\"article:modified_time\" content=\"2025-10-30T17:06:48+00:00\" \/>\n<meta property=\"og:image\" content=\"https:\/\/new.eventeam.fr\/wp-content\/uploads\/2025\/06\/Affichette-Rugby-T6N26.png\" \/>\n\t<meta property=\"og:image:width\" content=\"346\" \/>\n\t<meta property=\"og:image:height\" content=\"488\" \/>\n\t<meta property=\"og:image:type\" content=\"image\/png\" \/>\n<meta name=\"twitter:card\" content=\"summary_large_image\" \/>\n<meta name=\"twitter:site\" content=\"@EventeamGroup\" \/>\n<meta name=\"twitter:label1\" content=\"Est. reading time\" \/>\n\t<meta name=\"twitter:data1\" content=\"2 minutes\" \/>\n<script type=\"application\/ld+json\" class=\"yoast-schema-graph\">{\"@context\":\"https:\\\/\\\/schema.org\",\"@graph\":[{\"@type\":\"WebPage\",\"@id\":\"https:\\\/\\\/new.eventeam.fr\\\/en\\\/product\\\/six-nations-tournament-2026\\\/\",\"url\":\"https:\\\/\\\/new.eventeam.fr\\\/en\\\/product\\\/six-nations-tournament-2026\\\/\",\"name\":\"SIX NATIONS TOURNAMENT 2026 - Eventeam Live\",\"isPartOf\":{\"@id\":\"https:\\\/\\\/new.eventeam.fr\\\/en\\\/#website\"},\"primaryImageOfPage\":{\"@id\":\"https:\\\/\\\/new.eventeam.fr\\\/en\\\/product\\\/six-nations-tournament-2026\\\/#primaryimage\"},\"image\":{\"@id\":\"https:\\\/\\\/new.eventeam.fr\\\/en\\\/product\\\/six-nations-tournament-2026\\\/#primaryimage\"},\"thumbnailUrl\":\"https:\\\/\\\/new.eventeam.fr\\\/wp-content\\\/uploads\\\/2025\\\/06\\\/Affichette-Rugby-T6N26.png\",\"datePublished\":\"2024-11-18T07:00:16+00:00\",\"dateModified\":\"2025-10-30T17:06:48+00:00\",\"description\":\"Experience the 2026 edition from the inside, share intense emotions and create unforgettable memories with Eventeam Live!\",\"breadcrumb\":{\"@id\":\"https:\\\/\\\/new.eventeam.fr\\\/en\\\/product\\\/six-nations-tournament-2026\\\/#breadcrumb\"},\"inLanguage\":\"en-US\",\"potentialAction\":[{\"@type\":\"ReadAction\",\"target\":[\"https:\\\/\\\/new.eventeam.fr\\\/en\\\/product\\\/six-nations-tournament-2026\\\/\"]}]},{\"@type\":\"ImageObject\",\"inLanguage\":\"en-US\",\"@id\":\"https:\\\/\\\/new.eventeam.fr\\\/en\\\/product\\\/six-nations-tournament-2026\\\/#primaryimage\",\"url\":\"https:\\\/\\\/new.eventeam.fr\\\/wp-content\\\/uploads\\\/2025\\\/06\\\/Affichette-Rugby-T6N26.png\",\"contentUrl\":\"https:\\\/\\\/new.eventeam.fr\\\/wp-content\\\/uploads\\\/2025\\\/06\\\/Affichette-Rugby-T6N26.png\",\"width\":346,\"height\":488,\"caption\":\"SIX NATIONS TOURNAMENT 2026\"},{\"@type\":\"BreadcrumbList\",\"@id\":\"https:\\\/\\\/new.eventeam.fr\\\/en\\\/product\\\/six-nations-tournament-2026\\\/#breadcrumb\",\"itemListElement\":[{\"@type\":\"ListItem\",\"position\":1,\"name\":\"Accueil\",\"item\":\"https:\\\/\\\/new.eventeam.fr\\\/en\\\/\"},{\"@type\":\"ListItem\",\"position\":2,\"name\":\"Products\",\"item\":\"https:\\\/\\\/new.eventeam.fr\\\/en\\\/shop\\\/\"},{\"@type\":\"ListItem\",\"position\":3,\"name\":\"SIX NATIONS TOURNAMENT 2026\"}]},{\"@type\":\"WebSite\",\"@id\":\"https:\\\/\\\/new.eventeam.fr\\\/en\\\/#website\",\"url\":\"https:\\\/\\\/new.eventeam.fr\\\/en\\\/\",\"name\":\"Eventeam Live\",\"description\":\"Eventeam Live, sp\u00e9cialiste des exp\u00e9riences hospitality VIP sur les plus grands \u00e9v\u00e8nements\",\"publisher\":{\"@id\":\"https:\\\/\\\/new.eventeam.fr\\\/en\\\/#organization\"},\"potentialAction\":[{\"@type\":\"SearchAction\",\"target\":{\"@type\":\"EntryPoint\",\"urlTemplate\":\"https:\\\/\\\/new.eventeam.fr\\\/en\\\/?s={search_term_string}\"},\"query-input\":{\"@type\":\"PropertyValueSpecification\",\"valueRequired\":true,\"valueName\":\"search_term_string\"}}],\"inLanguage\":\"en-US\"},{\"@type\":\"Organization\",\"@id\":\"https:\\\/\\\/new.eventeam.fr\\\/en\\\/#organization\",\"name\":\"Eventeam Live\",\"url\":\"https:\\\/\\\/new.eventeam.fr\\\/en\\\/\",\"logo\":{\"@type\":\"ImageObject\",\"inLanguage\":\"en-US\",\"@id\":\"https:\\\/\\\/new.eventeam.fr\\\/en\\\/#\\\/schema\\\/logo\\\/image\\\/\",\"url\":\"https:\\\/\\\/eventeam.fr\\\/wp-content\\\/uploads\\\/2023\\\/08\\\/Logo_Eventeam-Live.svg\",\"contentUrl\":\"https:\\\/\\\/eventeam.fr\\\/wp-content\\\/uploads\\\/2023\\\/08\\\/Logo_Eventeam-Live.svg\",\"width\":254,\"height\":48,\"caption\":\"Eventeam Live\"},\"image\":{\"@id\":\"https:\\\/\\\/new.eventeam.fr\\\/en\\\/#\\\/schema\\\/logo\\\/image\\\/\"},\"sameAs\":[\"https:\\\/\\\/www.facebook.com\\\/EventeamGroup\\\/\",\"https:\\\/\\\/x.com\\\/EventeamGroup\",\"https:\\\/\\\/fr.linkedin.com\\\/company\\\/eventeamgroup\",\"https:\\\/\\\/www.instagram.com\\\/eventeamgroup\\\/\"]}]}<\/script>\n<!-- \/ Yoast SEO plugin. -->","yoast_head_json":{"title":"SIX NATIONS TOURNAMENT 2026 - Eventeam Live","description":"Experience the 2026 edition from the inside, share intense emotions and create unforgettable memories with Eventeam Live!","robots":{"index":"index","follow":"follow","max-snippet":"max-snippet:-1","max-image-preview":"max-image-preview:large","max-video-preview":"max-video-preview:-1"},"canonical":"https:\/\/new.eventeam.fr\/en\/product\/six-nations-tournament-2026\/","og_locale":"en_US","og_type":"article","og_title":"SIX NATIONS TOURNAMENT 2026 - Eventeam Live","og_description":"Experience the 2026 edition from the inside, share intense emotions and create unforgettable memories with Eventeam Live!","og_url":"https:\/\/new.eventeam.fr\/en\/product\/six-nations-tournament-2026\/","og_site_name":"Eventeam Live","article_publisher":"https:\/\/www.facebook.com\/EventeamGroup\/","article_modified_time":"2025-10-30T17:06:48+00:00","og_image":[{"width":346,"height":488,"url":"https:\/\/new.eventeam.fr\/wp-content\/uploads\/2025\/06\/Affichette-Rugby-T6N26.png","type":"image\/png"}],"twitter_card":"summary_large_image","twitter_site":"@EventeamGroup","twitter_misc":{"Est. reading time":"2 minutes"},"schema":{"@context":"https:\/\/schema.org","@graph":[{"@type":"WebPage","@id":"https:\/\/new.eventeam.fr\/en\/product\/six-nations-tournament-2026\/","url":"https:\/\/new.eventeam.fr\/en\/product\/six-nations-tournament-2026\/","name":"SIX NATIONS TOURNAMENT 2026 - Eventeam Live","isPartOf":{"@id":"https:\/\/new.eventeam.fr\/en\/#website"},"primaryImageOfPage":{"@id":"https:\/\/new.eventeam.fr\/en\/product\/six-nations-tournament-2026\/#primaryimage"},"image":{"@id":"https:\/\/new.eventeam.fr\/en\/product\/six-nations-tournament-2026\/#primaryimage"},"thumbnailUrl":"https:\/\/new.eventeam.fr\/wp-content\/uploads\/2025\/06\/Affichette-Rugby-T6N26.png","datePublished":"2024-11-18T07:00:16+00:00","dateModified":"2025-10-30T17:06:48+00:00","description":"Experience the 2026 edition from the inside, share intense emotions and create unforgettable memories with Eventeam Live!","breadcrumb":{"@id":"https:\/\/new.eventeam.fr\/en\/product\/six-nations-tournament-2026\/#breadcrumb"},"inLanguage":"en-US","potentialAction":[{"@type":"ReadAction","target":["https:\/\/new.eventeam.fr\/en\/product\/six-nations-tournament-2026\/"]}]},{"@type":"ImageObject","inLanguage":"en-US","@id":"https:\/\/new.eventeam.fr\/en\/product\/six-nations-tournament-2026\/#primaryimage","url":"https:\/\/new.eventeam.fr\/wp-content\/uploads\/2025\/06\/Affichette-Rugby-T6N26.png","contentUrl":"https:\/\/new.eventeam.fr\/wp-content\/uploads\/2025\/06\/Affichette-Rugby-T6N26.png","width":346,"height":488,"caption":"SIX NATIONS TOURNAMENT 2026"},{"@type":"BreadcrumbList","@id":"https:\/\/new.eventeam.fr\/en\/product\/six-nations-tournament-2026\/#breadcrumb","itemListElement":[{"@type":"ListItem","position":1,"name":"Accueil","item":"https:\/\/new.eventeam.fr\/en\/"},{"@type":"ListItem","position":2,"name":"Products","item":"https:\/\/new.eventeam.fr\/en\/shop\/"},{"@type":"ListItem","position":3,"name":"SIX NATIONS TOURNAMENT 2026"}]},{"@type":"WebSite","@id":"https:\/\/new.eventeam.fr\/en\/#website","url":"https:\/\/new.eventeam.fr\/en\/","name":"Eventeam Live","description":"Eventeam Live, sp\u00e9cialiste des exp\u00e9riences hospitality VIP sur les plus grands \u00e9v\u00e8nements","publisher":{"@id":"https:\/\/new.eventeam.fr\/en\/#organization"},"potentialAction":[{"@type":"SearchAction","target":{"@type":"EntryPoint","urlTemplate":"https:\/\/new.eventeam.fr\/en\/?s={search_term_string}"},"query-input":{"@type":"PropertyValueSpecification","valueRequired":true,"valueName":"search_term_string"}}],"inLanguage":"en-US"},{"@type":"Organization","@id":"https:\/\/new.eventeam.fr\/en\/#organization","name":"Eventeam Live","url":"https:\/\/new.eventeam.fr\/en\/","logo":{"@type":"ImageObject","inLanguage":"en-US","@id":"https:\/\/new.eventeam.fr\/en\/#\/schema\/logo\/image\/","url":"https:\/\/eventeam.fr\/wp-content\/uploads\/2023\/08\/Logo_Eventeam-Live.svg","contentUrl":"https:\/\/eventeam.fr\/wp-content\/uploads\/2023\/08\/Logo_Eventeam-Live.svg","width":254,"height":48,"caption":"Eventeam Live"},"image":{"@id":"https:\/\/new.eventeam.fr\/en\/#\/schema\/logo\/image\/"},"sameAs":["https:\/\/www.facebook.com\/EventeamGroup\/","https:\/\/x.com\/EventeamGroup","https:\/\/fr.linkedin.com\/company\/eventeamgroup","https:\/\/www.instagram.com\/eventeamgroup\/"]}]}},"publishpress_future_workflow_manual_trigger":{"enabledWorkflows":[]},"_links":{"self":[{"href":"https:\/\/new.eventeam.fr\/en\/wp-json\/wp\/v2\/product\/26754","targetHints":{"allow":["GET"]}}],"collection":[{"href":"https:\/\/new.eventeam.fr\/en\/wp-json\/wp\/v2\/product"}],"about":[{"href":"https:\/\/new.eventeam.fr\/en\/wp-json\/wp\/v2\/types\/product"}],"version-history":[{"count":0,"href":"https:\/\/new.eventeam.fr\/en\/wp-json\/wp\/v2\/product\/26754\/revisions"}],"wp:featuredmedia":[{"embeddable":true,"href":"https:\/\/new.eventeam.fr\/en\/wp-json\/wp\/v2\/media\/26735"}],"wp:attachment":[{"href":"https:\/\/new.eventeam.fr\/en\/wp-json\/wp\/v2\/media?parent=26754"}],"wp:term":[{"taxonomy":"product_brand","embeddable":true,"href":"https:\/\/new.eventeam.fr\/en\/wp-json\/wp\/v2\/product_brand?post=26754"},{"taxonomy":"product_cat","embeddable":true,"href":"https:\/\/new.eventeam.fr\/en\/wp-json\/wp\/v2\/product_cat?post=26754"},{"taxonomy":"product_tag","embeddable":true,"href":"https:\/\/new.eventeam.fr\/en\/wp-json\/wp\/v2\/product_tag?post=26754"}],"curies":[{"name":"wp","href":"https:\/\/api.w.org\/{rel}","templated":true}]}}